{"id":3292,"date":"2024-04-30T14:30:13","date_gmt":"2024-04-30T14:30:13","guid":{"rendered":"https:\/\/actyus.com\/contact\/"},"modified":"2025-01-30T16:57:31","modified_gmt":"2025-01-30T16:57:31","slug":"contact","status":"publish","type":"page","link":"https:\/\/actyus.com\/en\/contact\/","title":{"rendered":"Contact"},"content":{"rendered":"\t\t<div data-elementor-type=\"wp-page\" data-elementor-id=\"3292\" class=\"elementor elementor-3292 elementor-1445\" data-elementor-post-type=\"page\">\n\t\t\t\t<div class=\"elementor-element elementor-element-54a627d c-box c-pad e-flex e-con-boxed e-con e-parent\" data-id=\"54a627d\" data-element_type=\"container\" data-e-type=\"container\" data-settings=\"{&quot;background_background&quot;:&quot;classic&quot;,&quot;jet_parallax_layout_list&quot;:[]}\">\n\t\t\t\t\t<div class=\"e-con-inner\">\n\t\t\t\t<div class=\"elementor-element elementor-element-c6a0f7a elementor-widget elementor-widget-heading\" data-id=\"c6a0f7a\" data-element_type=\"widget\" data-e-type=\"widget\" data-widget_type=\"heading.default\">\n\t\t\t\t<div class=\"elementor-widget-container\">\n\t\t\t\t\t<h1 class=\"elementor-heading-title elementor-size-default\">Let's do great <br>things together <\/h1>\t\t\t\t<\/div>\n\t\t\t\t<\/div>\n\t\t\t\t\t<\/div>\n\t\t\t\t<\/div>\n\t\t<div class=\"elementor-element elementor-element-9c7b5fc c-box c-pad e-flex e-con-boxed e-con e-parent\" data-id=\"9c7b5fc\" data-element_type=\"container\" data-e-type=\"container\" data-settings=\"{&quot;jet_parallax_layout_list&quot;:[]}\">\n\t\t\t\t\t<div class=\"e-con-inner\">\n\t\t<div class=\"elementor-element elementor-element-2e64eb0 e-con-full e-flex e-con e-child\" data-id=\"2e64eb0\" data-element_type=\"container\" data-e-type=\"container\" data-settings=\"{&quot;jet_parallax_layout_list&quot;:[]}\">\n\t\t\t\t<div class=\"elementor-element elementor-element-291ecdb elementor-widget elementor-widget-heading\" data-id=\"291ecdb\" data-element_type=\"widget\" data-e-type=\"widget\" data-widget_type=\"heading.default\">\n\t\t\t\t<div class=\"elementor-widget-container\">\n\t\t\t\t\t<h3 class=\"elementor-heading-title elementor-size-default\">Do you want to contact us?<\/h3>\t\t\t\t<\/div>\n\t\t\t\t<\/div>\n\t\t\t\t<div class=\"elementor-element elementor-element-5ed4033 elementor-widget elementor-widget-text-editor\" data-id=\"5ed4033\" data-element_type=\"widget\" data-e-type=\"widget\" data-widget_type=\"text-editor.default\">\n\t\t\t\t<div class=\"elementor-widget-container\">\n\t\t\t\t\t\t\t\t\t<p>Share your project in the attached questionnaire.<\/p>\n<p>If you are interested in working with us, please leave your details in the &#8220;work with us&#8221; form.<\/p>\n<p>For more information please contact us by mail at <a title=\"\" href=\"mailto:atencioncliente@actyus.com\">atencioncliente@actyus.com <\/a>or by phone <a href=\"tel:+34917453400\">at 917 453 400.<\/a><\/p>\n\t\t\t\t\t\t\t\t<\/div>\n\t\t\t\t<\/div>\n\t\t\t\t<div class=\"elementor-element elementor-element-fa442e6 elementor-widget elementor-widget-text-editor\" data-id=\"fa442e6\" data-element_type=\"widget\" data-e-type=\"widget\" data-widget_type=\"text-editor.default\">\n\t\t\t\t<div class=\"elementor-widget-container\">\n\t\t\t\t\t\t\t\t\t<p>The information you provide on this form shall be processed confidentially and it will only be used for the purposes indicated in our data protection policy\u201d.<\/p>\n\t\t\t\t\t\t\t\t<\/div>\n\t\t\t\t<\/div>\n\t\t\t\t<\/div>\n\t\t<div class=\"elementor-element elementor-element-75c753d e-con-full e-flex e-con e-child\" data-id=\"75c753d\" data-element_type=\"container\" data-e-type=\"container\" data-settings=\"{&quot;jet_parallax_layout_list&quot;:[]}\">\n\t\t\t\t<div class=\"elementor-element elementor-element-5d6879e elementor-widget elementor-widget-jet-tabs\" data-id=\"5d6879e\" data-element_type=\"widget\" data-e-type=\"widget\" data-settings=\"{&quot;tabs_position&quot;:&quot;top&quot;}\" data-widget_type=\"jet-tabs.default\">\n\t\t\t\t<div class=\"elementor-widget-container\">\n\t\t\t\t\t\n\t\t<div class=\"jet-tabs jet-tabs-position-top jet-tabs-fade-effect  \" data-settings=\"{&quot;activeIndex&quot;:0,&quot;event&quot;:&quot;click&quot;,&quot;autoSwitch&quot;:false,&quot;autoSwitchDelay&quot;:3000,&quot;ajaxTemplate&quot;:false,&quot;tabsPosition&quot;:&quot;top&quot;,&quot;switchScrolling&quot;:false,&quot;switchScrollingOffset&quot;:0}\">\n\t\t\t\t\t\t<div class=\"jet-tabs__control-wrapper\" role=\"tablist\">\n\n                                    <div id=\"jet-tabs-control-9791\" class=\"jet-tabs__control jet-tabs__control-icon-left elementor-menu-anchor active-tab \" data-tab=\"1\" tabindex=\"0\" role=\"tab\" aria-controls=\"jet-tabs-content-9791\" aria-expanded=\"true\" data-template-id=\"false\"><div class=\"jet-tabs__control-inner\"><div class=\"jet-tabs__label-text\">Upload your project<\/div><\/div><\/div><div id=\"jet-tabs-control-9792\" class=\"jet-tabs__control jet-tabs__control-icon-left elementor-menu-anchor  \" data-tab=\"2\" tabindex=\"0\" role=\"tab\" aria-controls=\"jet-tabs-content-9792\" aria-expanded=\"false\" data-template-id=\"1469\"><div class=\"jet-tabs__control-inner\"><div class=\"jet-tabs__label-text\">Work with us<\/div><\/div><\/div>\n                    \t\t\t    <\/div>\n\t\t\t<div class=\"jet-tabs__content-wrapper\">\n\t\t\t\t<div id=\"jet-tabs-content-9791\" class=\"jet-tabs__content active-content\" data-tab=\"1\" role=\"tabpanel\" aria-hidden=\"false\" data-template-id=\"false\"><h3 style=\"text-align: center;\">If you\u2019re a company and think we might click, fill in this form.<\/h3>\n<p style=\"text-align: center;\"><a href=\"https:\/\/ea6s9ecm68q.typeform.com\/to\/FiDpj49Q\" target=\"_blank\" rel=\"noopener\">Start<\/a><\/p>\n<\/div><div id=\"jet-tabs-content-9792\" class=\"jet-tabs__content \" data-tab=\"2\" role=\"tabpanel\" aria-hidden=\"true\" data-template-id=\"1469\">\t\t<div data-elementor-type=\"section\" data-elementor-id=\"3341\" class=\"elementor elementor-3341 elementor-1469\" data-elementor-post-type=\"elementor_library\">\n\t\t\t<div class=\"elementor-element elementor-element-d4cf2ba e-con-full e-flex e-con e-parent\" data-id=\"d4cf2ba\" data-element_type=\"container\" data-e-type=\"container\" data-settings=\"{&quot;jet_parallax_layout_list&quot;:[]}\">\n\t\t\t\t<div class=\"elementor-element elementor-element-f59e930 elementor-button-align-stretch elementor-widget elementor-widget-form\" data-id=\"f59e930\" data-element_type=\"widget\" data-e-type=\"widget\" data-settings=\"{&quot;step_next_label&quot;:&quot;Next&quot;,&quot;step_previous_label&quot;:&quot;Previous&quot;,&quot;button_width&quot;:&quot;100&quot;,&quot;step_type&quot;:&quot;number_text&quot;,&quot;step_icon_shape&quot;:&quot;circle&quot;}\" data-widget_type=\"form.default\">\n\t\t\t\t<div class=\"elementor-widget-container\">\n\t\t\t\t\t\t\t<form class=\"elementor-form\" method=\"post\" name=\"Contact form\" aria-label=\"Contact form\">\n\t\t\t<input type=\"hidden\" name=\"post_id\" value=\"3341\"\/>\n\t\t\t<input type=\"hidden\" name=\"form_id\" value=\"f59e930\"\/>\n\t\t\t<input type=\"hidden\" name=\"referer_title\" value=\"Contact - Actyus\" \/>\n\n\t\t\t\t\t\t\t<input type=\"hidden\" name=\"queried_id\" value=\"3292\"\/>\n\t\t\t\n\t\t\t<div class=\"elementor-form-fields-wrapper elementor-labels-\">\n\t\t\t\t\t\t\t\t<div class=\"elementor-field-type-text elementor-field-group elementor-column elementor-field-group-name elementor-col-50 elementor-field-required\">\n\t\t\t\t\t\t\t\t\t\t\t\t<label for=\"form-field-name\" class=\"elementor-field-label elementor-screen-only\">\n\t\t\t\t\t\t\t\tName\t\t\t\t\t\t\t<\/label>\n\t\t\t\t\t\t\t\t\t\t\t\t\t\t<input size=\"1\" type=\"text\" name=\"form_fields[name]\" id=\"form-field-name\" class=\"elementor-field elementor-size-md  elementor-field-textual\" placeholder=\"Name\" required=\"required\">\n\t\t\t\t\t\t\t\t\t\t\t<\/div>\n\t\t\t\t\t\t\t\t<div class=\"elementor-field-type-email elementor-field-group elementor-column elementor-field-group-email elementor-col-50 elementor-field-required\">\n\t\t\t\t\t\t\t\t\t\t\t\t<label for=\"form-field-email\" class=\"elementor-field-label elementor-screen-only\">\n\t\t\t\t\t\t\t\tE-mail\t\t\t\t\t\t\t<\/label>\n\t\t\t\t\t\t\t\t\t\t\t\t\t\t<input size=\"1\" type=\"email\" name=\"form_fields[email]\" id=\"form-field-email\" class=\"elementor-field elementor-size-md  elementor-field-textual\" placeholder=\"E-mail\" required=\"required\">\n\t\t\t\t\t\t\t\t\t\t\t<\/div>\n\t\t\t\t\t\t\t\t<div class=\"elementor-field-type-url elementor-field-group elementor-column elementor-field-group-field_92afadc elementor-col-100 elementor-field-required\">\n\t\t\t\t\t\t\t\t\t\t\t\t<label for=\"form-field-field_92afadc\" class=\"elementor-field-label elementor-screen-only\">\n\t\t\t\t\t\t\t\tUrl LinkedIn or CV\t\t\t\t\t\t\t<\/label>\n\t\t\t\t\t\t\t\t\t\t\t\t\t\t<input size=\"1\" type=\"url\" name=\"form_fields[field_92afadc]\" id=\"form-field-field_92afadc\" class=\"elementor-field elementor-size-md  elementor-field-textual\" placeholder=\"Url LinkedIn or CV\" required=\"required\">\n\t\t\t\t\t\t\t\t\t\t\t<\/div>\n\t\t\t\t\t\t\t\t<div class=\"elementor-field-type-textarea elementor-field-group elementor-column elementor-field-group-message elementor-col-100\">\n\t\t\t\t\t\t\t\t\t\t\t\t<label for=\"form-field-message\" class=\"elementor-field-label elementor-screen-only\">\n\t\t\t\t\t\t\t\tMessage\t\t\t\t\t\t\t<\/label>\n\t\t\t\t\t\t<textarea class=\"elementor-field-textual elementor-field  elementor-size-md\" name=\"form_fields[message]\" id=\"form-field-message\" rows=\"6\" placeholder=\"Message\"><\/textarea>\t\t\t\t<\/div>\n\t\t\t\t\t\t\t\t<div class=\"elementor-field-type-recaptcha_v3 elementor-field-group elementor-column elementor-field-group-field_264b9b3 elementor-col-100 recaptcha_v3-bottomright\">\n\t\t\t\t\t<div class=\"elementor-field\" id=\"form-field-field_264b9b3\"><div class=\"elementor-g-recaptcha\" data-sitekey=\"6Ldgu14qAAAAAEXIGb2meAHXNWzOv7qkBbFNiGAx\" data-type=\"v3\" data-action=\"Form\" data-badge=\"bottomright\" data-size=\"invisible\"><\/div><\/div>\t\t\t\t<\/div>\n\t\t\t\t\t\t\t\t<div class=\"elementor-field-type-html elementor-field-group elementor-column elementor-field-group-field_9d9f8b2 elementor-col-100\">\n\t\t\t\t\tThe data included on this form, those provided when you register in our systems and those contained in any curriculum vitae which, as appropriate, you provide shall be processed by Actyus Private Equity SGIIC, S.A. (hereinafter, \u201cActyus\u201d) for the purpose of complying with your application for inclusion in our selection and registration processes and to contact you in the event of any future offers that may be of interest to you, once Actyus has previously verified your suitability for the offer in question. Your data shall be processed for a period of two years, unless you request their erasure prior to said term, at which time they shall be deleted following a blocking process and period. You may contact the Data Protection Officer and exercise your data protection rights (access, rectification, erasure, limitation, objection and portability) by writing to <a href=\"mailto:dpo@actyusprivateequity.com\">dpo@actyusprivateequity.com<\/a> or by sending a letter to the Data Protection Officer at Calle Serrano, n\u00ba 37, 28001 Madrid.<br>Your data shall not be assigned to third parties for the stated purpose, but they may be assigned in accordance with the legal obligations applicable to the Data Controller.<br>Del mismo modo, usted como interesado podr\u00e1 acudir a la Agencia Espa\u00f1ola de Protecci\u00f3n de Datos, autoridad de control en materia de protecci\u00f3n de datos, <a href=\"http:\/\/www.agpd.es\" target=\"_blank\" rel=\"noopener\">http:\/\/www.agpd.es<\/a>, calle Jorge Juan, 6,\n28001 Madrid. Phones: 901 100 099 \/ 91 266 35 17.\u201d\t\t\t\t<\/div>\n\t\t\t\t\t\t\t\t<div class=\"elementor-field-group elementor-column elementor-field-type-submit elementor-col-100 e-form__buttons\">\n\t\t\t\t\t<button class=\"elementor-button elementor-size-md\" type=\"submit\">\n\t\t\t\t\t\t<span class=\"elementor-button-content-wrapper\">\n\t\t\t\t\t\t\t\t\t\t\t\t\t\t\t\t\t\t\t\t\t\t<span class=\"elementor-button-text\">Send<\/span>\n\t\t\t\t\t\t\t\t\t\t\t\t\t<\/span>\n\t\t\t\t\t<\/button>\n\t\t\t\t<\/div>\n\t\t\t<\/div>\n\t\t<\/form>\n\t\t\t\t\t\t<\/div>\n\t\t\t\t<\/div>\n\t\t\t\t<\/div>\n\t\t\t\t<\/div>\n\t\t<\/div>\t\t\t<\/div>\n\t\t\t\t\t<\/div>\n\t\t\t\t\t\t<\/div>\n\t\t\t\t<\/div>\n\t\t\t\t<\/div>\n\t\t\t\t\t<\/div>\n\t\t\t\t<\/div>\n\t\t\t\t<\/div>\n\t\t","protected":false},"excerpt":{"rendered":"<p>Let&#8217;s do great things together Do you want to contact us? Share your project in the attached questionnaire. If you are interested in working with us, please leave your details in the &#8220;work with us&#8221; form. For more information please contact us by mail at atencioncliente@actyus.com or by phone at 917 453 400. The information [&hellip;]<\/p>\n","protected":false},"author":2,"featured_media":0,"parent":0,"menu_order":0,"comment_status":"closed","ping_status":"closed","template":"","meta":{"footnotes":""},"class_list":["post-3292","page","type-page","status-publish","hentry"],"_links":{"self":[{"href":"https:\/\/actyus.com\/en\/wp-json\/wp\/v2\/pages\/3292","targetHints":{"allow":["GET"]}}],"collection":[{"href":"https:\/\/actyus.com\/en\/wp-json\/wp\/v2\/pages"}],"about":[{"href":"https:\/\/actyus.com\/en\/wp-json\/wp\/v2\/types\/page"}],"author":[{"embeddable":true,"href":"https:\/\/actyus.com\/en\/wp-json\/wp\/v2\/users\/2"}],"replies":[{"embeddable":true,"href":"https:\/\/actyus.com\/en\/wp-json\/wp\/v2\/comments?post=3292"}],"version-history":[{"count":1,"href":"https:\/\/actyus.com\/en\/wp-json\/wp\/v2\/pages\/3292\/revisions"}],"predecessor-version":[{"id":3294,"href":"https:\/\/actyus.com\/en\/wp-json\/wp\/v2\/pages\/3292\/revisions\/3294"}],"wp:attachment":[{"href":"https:\/\/actyus.com\/en\/wp-json\/wp\/v2\/media?parent=3292"}],"curies":[{"name":"wp","href":"https:\/\/api.w.org\/{rel}","templated":true}]}}